{"id":2131,"date":"2018-06-17T17:39:18","date_gmt":"2018-06-17T15:39:18","guid":{"rendered":"http:\/\/grafenprofessional.eu\/chemia-kosmetyczna\/"},"modified":"2020-01-20T07:56:43","modified_gmt":"2020-01-20T06:56:43","slug":"kosmetische-chemie","status":"publish","type":"page","link":"https:\/\/grafenprofessional.eu\/de\/kosmetische-chemie\/","title":{"rendered":"Kosmetische Chemie"},"content":{"rendered":"<section class=\"l-section wpb_row us_custom_6df4bc3a naglowek-h has_text_color height_large with_img\"><div class=\"l-section-img\" role=\"img\" data-img-width=\"1920\" data-img-height=\"330\" style=\"background-image: url(https:\/\/grafenprofessional.eu\/wp-content\/uploads\/2018\/06\/naglowek-chemia-kosmetyczna.jpg);\"><\/div><div class=\"l-section-h i-cf\"><div class=\"g-cols vc_row via_flex valign_top type_default stacking_default\"><div class=\"vc_col-sm-12 wpb_column vc_column_container\"><div class=\"vc_column-inner\"><div class=\"wpb_wrapper\"><div class=\"wpb_text_column text-center\"><div class=\"wpb_wrapper\"><h1>Kosmetische Chemie<\/h1>\n<\/div><\/div><\/div><\/div><\/div><\/div><\/div><\/section><section class=\"l-section wpb_row produkty-section height_large\"><div class=\"l-section-h i-cf\"><div class=\"g-cols vc_row via_flex valign_top type_default stacking_default\"><div class=\"vc_col-sm-3 wpb_column vc_column_container produkty-widget\"><div class=\"vc_column-inner\"><div class=\"wpb_wrapper\"><div class=\"wpb_widgetised_column wpb_content_element\"><div class=\"wpb_wrapper\"><\/div><\/div><\/div><\/div><\/div><div class=\"vc_col-sm-9 wpb_column vc_column_container produkty-content\"><div class=\"vc_column-inner\"><div class=\"wpb_wrapper\"><div class=\"w-grid type_grid layout_1945 cols_3\" id=\"us_grid_1\" style=\"--gap:10px;\" data-filterable=\"true\"><style>@media (max-width:1024px){#us_grid_1 .w-grid-item{width:50%}}@media (max-width:600px){#us_grid_1 .w-grid-list{margin:0}#us_grid_1 .w-grid-item{width:100%;padding:0;margin-bottom:var(--gap,0px)}}.layout_1945 .w-grid-item-h{}.layout_1945 .usg_post_title_1{padding-top:10px!important;padding-right:20px!important;padding-left:20px!important;font-family:var(--h1-font-family)!important;font-size:15px!important}.layout_1945 .usg_vwrapper_1{padding:15px 10px 15px 10px!important;border:1px solid #ecebf0!important}.layout_1945 .usg_btn_1{border-style:solid!important;border-width:0!important}<\/style><div class=\"w-grid-list\">\t<article class=\"w-grid-item size_1x1 post-742 us_portfolio type-us_portfolio status-publish has-post-thumbnail hentry us_portfolio_category-chemia-kosmetyczna-de us_portfolio_category-chemia-motoryzacyjna-de\" data-id=\"742\">\r\n\t\t<div class=\"w-grid-item-h\">\r\n\t\t\t\t\t\t\t<a href=\"https:\/\/grafenprofessional.eu\/de\/produkty\/cockpitspray-200-ml\/\" class=\"w-grid-item-anchor\" aria-label=\"Cockpit-Politur 200 ml\"><\/a>\r\n\t\t\t\t\t\t<div class=\"w-vwrapper usg_vwrapper_1 align_center valign_middle\"><div class=\"w-post-elm post_image usg_post_image_1 stretched\"><a href=\"https:\/\/grafenprofessional.eu\/de\/produkty\/cockpitspray-200-ml\/\" aria-label=\"Cockpit-Politur 200 ml\"><img loading=\"lazy\" decoding=\"async\" width=\"249\" height=\"400\" src=\"https:\/\/grafenprofessional.eu\/wp-content\/uploads\/2018\/06\/GP-COCKPIT-SHINER-SPRAY-200-ml.jpg\" class=\"attachment-full size-full wp-post-image\" alt=\"\u015arodek do kokpitu 200 ml\" srcset=\"https:\/\/grafenprofessional.eu\/wp-content\/uploads\/2018\/06\/GP-COCKPIT-SHINER-SPRAY-200-ml.jpg 249w, https:\/\/grafenprofessional.eu\/wp-content\/uploads\/2018\/06\/GP-COCKPIT-SHINER-SPRAY-200-ml-187x300.jpg 187w\" sizes=\"auto, (max-width: 249px) 100vw, 249px\" \/><\/a><\/div><span class=\"w-post-elm post_title usg_post_title_1 entry-title color_link_inherit\"><a href=\"https:\/\/grafenprofessional.eu\/de\/produkty\/cockpitspray-200-ml\/\">Cockpit-Politur 200 ml<\/a><\/span><a class=\"w-btn us-btn-style_5 usg_btn_1\" href=\"https:\/\/grafenprofessional.eu\/de\/produkty\/cockpitspray-200-ml\/\"><span class=\"w-btn-label\">Zobacz produkt<\/span><\/a><\/div>\t\t<\/div>\r\n\t\t\t<\/article>\r\n\t<article class=\"w-grid-item size_1x1 post-751 us_portfolio type-us_portfolio status-publish has-post-thumbnail hentry us_portfolio_category-chemia-kosmetyczna-de us_portfolio_category-chemia-motoryzacyjna-de\" data-id=\"751\">\r\n\t\t<div class=\"w-grid-item-h\">\r\n\t\t\t\t\t\t\t<a href=\"https:\/\/grafenprofessional.eu\/de\/produkty\/cockpitspray-matt-500-ml\/\" class=\"w-grid-item-anchor\" aria-label=\"Cockpitspray matt 500 ml\"><\/a>\r\n\t\t\t\t\t\t<div class=\"w-vwrapper usg_vwrapper_1 align_center valign_middle\"><div class=\"w-post-elm post_image usg_post_image_1 stretched\"><a href=\"https:\/\/grafenprofessional.eu\/de\/produkty\/cockpitspray-matt-500-ml\/\" aria-label=\"Cockpitspray matt 500 ml\"><img loading=\"lazy\" decoding=\"async\" width=\"249\" height=\"400\" src=\"https:\/\/grafenprofessional.eu\/wp-content\/uploads\/2018\/06\/GP-COCKPIT-SPRAY-MAT-500-ml.jpg\" class=\"attachment-full size-full wp-post-image\" alt=\"\u015arodek do kokpitu matowy 500ml\" srcset=\"https:\/\/grafenprofessional.eu\/wp-content\/uploads\/2018\/06\/GP-COCKPIT-SPRAY-MAT-500-ml.jpg 249w, https:\/\/grafenprofessional.eu\/wp-content\/uploads\/2018\/06\/GP-COCKPIT-SPRAY-MAT-500-ml-187x300.jpg 187w\" sizes=\"auto, (max-width: 249px) 100vw, 249px\" \/><\/a><\/div><span class=\"w-post-elm post_title usg_post_title_1 entry-title color_link_inherit\"><a href=\"https:\/\/grafenprofessional.eu\/de\/produkty\/cockpitspray-matt-500-ml\/\">Cockpitspray matt 500 ml<\/a><\/span><a class=\"w-btn us-btn-style_5 usg_btn_1\" href=\"https:\/\/grafenprofessional.eu\/de\/produkty\/cockpitspray-matt-500-ml\/\"><span class=\"w-btn-label\">Zobacz produkt<\/span><\/a><\/div>\t\t<\/div>\r\n\t\t\t<\/article>\r\n\t<article class=\"w-grid-item size_1x1 post-3812 us_portfolio type-us_portfolio status-publish has-post-thumbnail hentry us_portfolio_category-chemia-kosmetyczna-de us_portfolio_category-chemia-motoryzacyjna-de\" data-id=\"3812\">\r\n\t\t<div class=\"w-grid-item-h\">\r\n\t\t\t\t\t\t\t<a href=\"https:\/\/grafenprofessional.eu\/de\/produkty\/zmywacz-do-etykiet-i-naklejek-200-ml\/\" class=\"w-grid-item-anchor\" aria-label=\"Etiketten loeser spray 200ml\"><\/a>\r\n\t\t\t\t\t\t<div class=\"w-vwrapper usg_vwrapper_1 align_center valign_middle\"><div class=\"w-post-elm post_image usg_post_image_1 stretched\"><a href=\"https:\/\/grafenprofessional.eu\/de\/produkty\/zmywacz-do-etykiet-i-naklejek-200-ml\/\" aria-label=\"Etiketten loeser spray 200ml\"><img loading=\"lazy\" decoding=\"async\" width=\"2000\" height=\"3000\" src=\"https:\/\/grafenprofessional.eu\/wp-content\/uploads\/2019\/06\/Zmywacz-do-etykiet-z-odbiciem.png\" class=\"attachment-full size-full wp-post-image\" alt=\"Zmywacz do etykiet i naklejek 200 ml\" srcset=\"https:\/\/grafenprofessional.eu\/wp-content\/uploads\/2019\/06\/Zmywacz-do-etykiet-z-odbiciem.png 2000w, https:\/\/grafenprofessional.eu\/wp-content\/uploads\/2019\/06\/Zmywacz-do-etykiet-z-odbiciem-200x300.png 200w, https:\/\/grafenprofessional.eu\/wp-content\/uploads\/2019\/06\/Zmywacz-do-etykiet-z-odbiciem-683x1024.png 683w, https:\/\/grafenprofessional.eu\/wp-content\/uploads\/2019\/06\/Zmywacz-do-etykiet-z-odbiciem-768x1152.png 768w\" sizes=\"auto, (max-width: 2000px) 100vw, 2000px\" \/><\/a><\/div><span class=\"w-post-elm post_title usg_post_title_1 entry-title color_link_inherit\"><a href=\"https:\/\/grafenprofessional.eu\/de\/produkty\/zmywacz-do-etykiet-i-naklejek-200-ml\/\">Etiketten loeser spray 200ml<\/a><\/span><a class=\"w-btn us-btn-style_5 usg_btn_1\" href=\"https:\/\/grafenprofessional.eu\/de\/produkty\/zmywacz-do-etykiet-i-naklejek-200-ml\/\"><span class=\"w-btn-label\">Zobacz produkt<\/span><\/a><\/div>\t\t<\/div>\r\n\t\t\t<\/article>\r\n\t<article class=\"w-grid-item size_1x1 post-3784 us_portfolio type-us_portfolio status-publish has-post-thumbnail hentry us_portfolio_category-chemia-kosmetyczna-de us_portfolio_category-chemia-motoryzacyjna-de\" data-id=\"3784\">\r\n\t\t<div class=\"w-grid-item-h\">\r\n\t\t\t\t\t\t\t<a href=\"https:\/\/grafenprofessional.eu\/de\/produkty\/graflock-3243\/\" class=\"w-grid-item-anchor\" aria-label=\"Graflock 3243\"><\/a>\r\n\t\t\t\t\t\t<div class=\"w-vwrapper usg_vwrapper_1 align_center valign_middle\"><div class=\"w-post-elm post_image usg_post_image_1 stretched\"><a href=\"https:\/\/grafenprofessional.eu\/de\/produkty\/graflock-3243\/\" aria-label=\"Graflock 3243\"><img loading=\"lazy\" decoding=\"async\" width=\"250\" height=\"400\" src=\"https:\/\/grafenprofessional.eu\/wp-content\/uploads\/2019\/06\/GRAFLOCK-3243-wizualizacja-0.5.png\" class=\"attachment-full size-full wp-post-image\" alt=\"Graflock 3243\" srcset=\"https:\/\/grafenprofessional.eu\/wp-content\/uploads\/2019\/06\/GRAFLOCK-3243-wizualizacja-0.5.png 250w, https:\/\/grafenprofessional.eu\/wp-content\/uploads\/2019\/06\/GRAFLOCK-3243-wizualizacja-0.5-188x300.png 188w\" sizes=\"auto, (max-width: 250px) 100vw, 250px\" \/><\/a><\/div><span class=\"w-post-elm post_title usg_post_title_1 entry-title color_link_inherit\"><a href=\"https:\/\/grafenprofessional.eu\/de\/produkty\/graflock-3243\/\">Graflock 3243<\/a><\/span><a class=\"w-btn us-btn-style_5 usg_btn_1\" href=\"https:\/\/grafenprofessional.eu\/de\/produkty\/graflock-3243\/\"><span class=\"w-btn-label\">Zobacz produkt<\/span><\/a><\/div>\t\t<\/div>\r\n\t\t\t<\/article>\r\n\t<article class=\"w-grid-item size_1x1 post-3730 us_portfolio type-us_portfolio status-publish has-post-thumbnail hentry us_portfolio_category-chemia-kosmetyczna-de us_portfolio_category-chemia-motoryzacyjna-de us_portfolio_tag-grafenprofessional-de us_portfolio_tag-grafenspray-de us_portfolio_tag-gurtregenerationsmittel us_portfolio_tag-pasybezpieczenstwa-de us_portfolio_tag-pielegnacjapasow-de us_portfolio_tag-spraydopasow-de\" data-id=\"3730\">\r\n\t\t<div class=\"w-grid-item-h\">\r\n\t\t\t\t\t\t\t<a href=\"https:\/\/grafenprofessional.eu\/de\/produkty\/gurtregenerationsmittel-400-ml\/\" class=\"w-grid-item-anchor\" aria-label=\"Gurtregenerationsmittel 400 ml\"><\/a>\r\n\t\t\t\t\t\t<div class=\"w-vwrapper usg_vwrapper_1 align_center valign_middle\"><div class=\"w-post-elm post_image usg_post_image_1 stretched\"><a href=\"https:\/\/grafenprofessional.eu\/de\/produkty\/gurtregenerationsmittel-400-ml\/\" aria-label=\"Gurtregenerationsmittel 400 ml\"><img loading=\"lazy\" decoding=\"async\" width=\"2000\" height=\"3000\" src=\"https:\/\/grafenprofessional.eu\/wp-content\/uploads\/2019\/06\/GP-SEATBELT-LUBRICANT-SPRAY-400-ml-EAN-5902854570768-2019-05-06-a-wizualizacja.png\" class=\"attachment-full size-full wp-post-image\" alt=\"\u015arodek do pas\u00f3w bezpiecze\u0144stwa 400 ml\" srcset=\"https:\/\/grafenprofessional.eu\/wp-content\/uploads\/2019\/06\/GP-SEATBELT-LUBRICANT-SPRAY-400-ml-EAN-5902854570768-2019-05-06-a-wizualizacja.png 2000w, https:\/\/grafenprofessional.eu\/wp-content\/uploads\/2019\/06\/GP-SEATBELT-LUBRICANT-SPRAY-400-ml-EAN-5902854570768-2019-05-06-a-wizualizacja-200x300.png 200w, https:\/\/grafenprofessional.eu\/wp-content\/uploads\/2019\/06\/GP-SEATBELT-LUBRICANT-SPRAY-400-ml-EAN-5902854570768-2019-05-06-a-wizualizacja-683x1024.png 683w, https:\/\/grafenprofessional.eu\/wp-content\/uploads\/2019\/06\/GP-SEATBELT-LUBRICANT-SPRAY-400-ml-EAN-5902854570768-2019-05-06-a-wizualizacja-768x1152.png 768w\" sizes=\"auto, (max-width: 2000px) 100vw, 2000px\" \/><\/a><\/div><span class=\"w-post-elm post_title usg_post_title_1 entry-title color_link_inherit\"><a href=\"https:\/\/grafenprofessional.eu\/de\/produkty\/gurtregenerationsmittel-400-ml\/\">Gurtregenerationsmittel 400 ml<\/a><\/span><a class=\"w-btn us-btn-style_5 usg_btn_1\" href=\"https:\/\/grafenprofessional.eu\/de\/produkty\/gurtregenerationsmittel-400-ml\/\"><span class=\"w-btn-label\">Zobacz produkt<\/span><\/a><\/div>\t\t<\/div>\r\n\t\t\t<\/article>\r\n\t<article class=\"w-grid-item size_1x1 post-713 us_portfolio type-us_portfolio status-publish has-post-thumbnail hentry us_portfolio_category-chemia-kosmetyczna-de us_portfolio_category-chemia-motoryzacyjna-de\" data-id=\"713\">\r\n\t\t<div class=\"w-grid-item-h\">\r\n\t\t\t\t\t\t\t<a href=\"https:\/\/grafenprofessional.eu\/de\/produkty\/klimaanlagenreiniger-150-ml\/\" class=\"w-grid-item-anchor\" aria-label=\"Klimaanlagenreiniger 150 ml\"><\/a>\r\n\t\t\t\t\t\t<div class=\"w-vwrapper usg_vwrapper_1 align_center valign_middle\"><div class=\"w-post-elm post_image usg_post_image_1 stretched\"><a href=\"https:\/\/grafenprofessional.eu\/de\/produkty\/klimaanlagenreiniger-150-ml\/\" aria-label=\"Klimaanlagenreiniger 150 ml\"><img loading=\"lazy\" decoding=\"async\" width=\"249\" height=\"400\" src=\"https:\/\/grafenprofessional.eu\/wp-content\/uploads\/2018\/06\/GP-AIR-CONDITIONING-CLEANER-SPRAY-150-ml.jpg\" class=\"attachment-full size-full wp-post-image\" alt=\"\u015arodek do czyszczenia klimatyzacji 150 ml\" srcset=\"https:\/\/grafenprofessional.eu\/wp-content\/uploads\/2018\/06\/GP-AIR-CONDITIONING-CLEANER-SPRAY-150-ml.jpg 249w, https:\/\/grafenprofessional.eu\/wp-content\/uploads\/2018\/06\/GP-AIR-CONDITIONING-CLEANER-SPRAY-150-ml-187x300.jpg 187w\" sizes=\"auto, (max-width: 249px) 100vw, 249px\" \/><\/a><\/div><span class=\"w-post-elm post_title usg_post_title_1 entry-title color_link_inherit\"><a href=\"https:\/\/grafenprofessional.eu\/de\/produkty\/klimaanlagenreiniger-150-ml\/\">Klimaanlagenreiniger 150 ml<\/a><\/span><a class=\"w-btn us-btn-style_5 usg_btn_1\" href=\"https:\/\/grafenprofessional.eu\/de\/produkty\/klimaanlagenreiniger-150-ml\/\"><span class=\"w-btn-label\">Zobacz produkt<\/span><\/a><\/div>\t\t<\/div>\r\n\t\t\t<\/article>\r\n\t<article class=\"w-grid-item size_1x1 post-848 us_portfolio type-us_portfolio status-publish has-post-thumbnail hentry us_portfolio_category-chemia-kosmetyczna-de us_portfolio_category-chemia-motoryzacyjna-de\" data-id=\"848\">\r\n\t\t<div class=\"w-grid-item-h\">\r\n\t\t\t\t\t\t\t<a href=\"https:\/\/grafenprofessional.eu\/de\/produkty\/polster-reiniger-500-ml\/\" class=\"w-grid-item-anchor\" aria-label=\"Polster reiniger 500 ml\"><\/a>\r\n\t\t\t\t\t\t<div class=\"w-vwrapper usg_vwrapper_1 align_center valign_middle\"><div class=\"w-post-elm post_image usg_post_image_1 stretched\"><a href=\"https:\/\/grafenprofessional.eu\/de\/produkty\/polster-reiniger-500-ml\/\" aria-label=\"Polster reiniger 500 ml\"><img loading=\"lazy\" decoding=\"async\" width=\"249\" height=\"400\" src=\"https:\/\/grafenprofessional.eu\/wp-content\/uploads\/2018\/06\/GP-SEAT-CLEANER-SPRAY-500-ml.jpg\" class=\"attachment-full size-full wp-post-image\" alt=\"\u015arodek do czyszczenia tapicerki 500 ml\" srcset=\"https:\/\/grafenprofessional.eu\/wp-content\/uploads\/2018\/06\/GP-SEAT-CLEANER-SPRAY-500-ml.jpg 249w, https:\/\/grafenprofessional.eu\/wp-content\/uploads\/2018\/06\/GP-SEAT-CLEANER-SPRAY-500-ml-187x300.jpg 187w\" sizes=\"auto, (max-width: 249px) 100vw, 249px\" \/><\/a><\/div><span class=\"w-post-elm post_title usg_post_title_1 entry-title color_link_inherit\"><a href=\"https:\/\/grafenprofessional.eu\/de\/produkty\/polster-reiniger-500-ml\/\">Polster reiniger 500 ml<\/a><\/span><a class=\"w-btn us-btn-style_5 usg_btn_1\" href=\"https:\/\/grafenprofessional.eu\/de\/produkty\/polster-reiniger-500-ml\/\"><span class=\"w-btn-label\">Zobacz produkt<\/span><\/a><\/div>\t\t<\/div>\r\n\t\t\t<\/article>\r\n\t<article class=\"w-grid-item size_1x1 post-817 us_portfolio type-us_portfolio status-publish has-post-thumbnail hentry us_portfolio_category-chemia-kosmetyczna-de us_portfolio_category-chemia-motoryzacyjna-de\" data-id=\"817\">\r\n\t\t<div class=\"w-grid-item-h\">\r\n\t\t\t\t\t\t\t<a href=\"https:\/\/grafenprofessional.eu\/de\/produkty\/reifenspray-500-ml\/\" class=\"w-grid-item-anchor\" aria-label=\"Reifenspray 500 ml\"><\/a>\r\n\t\t\t\t\t\t<div class=\"w-vwrapper usg_vwrapper_1 align_center valign_middle\"><div class=\"w-post-elm post_image usg_post_image_1 stretched\"><a href=\"https:\/\/grafenprofessional.eu\/de\/produkty\/reifenspray-500-ml\/\" aria-label=\"Reifenspray 500 ml\"><img loading=\"lazy\" decoding=\"async\" width=\"250\" height=\"400\" src=\"https:\/\/grafenprofessional.eu\/wp-content\/uploads\/2018\/06\/GP-TYRE-CLEANER-SPRAY-500-ml.jpg\" class=\"attachment-full size-full wp-post-image\" alt=\"\u015arodek do opon 500 ml\" srcset=\"https:\/\/grafenprofessional.eu\/wp-content\/uploads\/2018\/06\/GP-TYRE-CLEANER-SPRAY-500-ml.jpg 250w, https:\/\/grafenprofessional.eu\/wp-content\/uploads\/2018\/06\/GP-TYRE-CLEANER-SPRAY-500-ml-188x300.jpg 188w\" sizes=\"auto, (max-width: 250px) 100vw, 250px\" \/><\/a><\/div><span class=\"w-post-elm post_title usg_post_title_1 entry-title color_link_inherit\"><a href=\"https:\/\/grafenprofessional.eu\/de\/produkty\/reifenspray-500-ml\/\">Reifenspray 500 ml<\/a><\/span><a class=\"w-btn us-btn-style_5 usg_btn_1\" href=\"https:\/\/grafenprofessional.eu\/de\/produkty\/reifenspray-500-ml\/\"><span class=\"w-btn-label\">Zobacz produkt<\/span><\/a><\/div>\t\t<\/div>\r\n\t\t\t<\/article>\r\n<\/div><div class=\"w-grid-preloader\">\t<div class=\"g-preloader type_1\">\r\n\t\t<div><\/div>\r\n\t<\/div>\r\n\t<\/div>\t<div class=\"w-grid-json hidden\" onclick='return {&quot;action&quot;:&quot;us_ajax_grid&quot;,&quot;infinite_scroll&quot;:0,&quot;max_num_pages&quot;:1,&quot;pagination&quot;:&quot;none&quot;,&quot;template_vars&quot;:{&quot;columns&quot;:&quot;3&quot;,&quot;exclude_items&quot;:&quot;none&quot;,&quot;img_size&quot;:&quot;default&quot;,&quot;ignore_items_size&quot;:0,&quot;items_layout&quot;:&quot;1945&quot;,&quot;items_offset&quot;:&quot;1&quot;,&quot;load_animation&quot;:&quot;none&quot;,&quot;overriding_link&quot;:&quot;%7B%22type%22%3A%22post%22%7D&quot;,&quot;post_id&quot;:0,&quot;query_args&quot;:{&quot;post_type&quot;:[&quot;us_portfolio&quot;],&quot;tax_query&quot;:[{&quot;taxonomy&quot;:&quot;us_portfolio_category&quot;,&quot;field&quot;:&quot;slug&quot;,&quot;terms&quot;:[&quot;chemia-kosmetyczna-de&quot;]}],&quot;post_status&quot;:[&quot;publish&quot;,&quot;acf-disabled&quot;],&quot;posts_per_page&quot;:999},&quot;orderby_query_args&quot;:{&quot;orderby&quot;:{&quot;title&quot;:&quot;ASC&quot;},&quot;order&quot;:&quot;ASC&quot;},&quot;type&quot;:&quot;grid&quot;,&quot;us_grid_post_type&quot;:&quot;us_portfolio&quot;,&quot;us_grid_ajax_index&quot;:1,&quot;us_grid_filter_query_string&quot;:null,&quot;us_grid_index&quot;:1,&quot;page_args&quot;:[]}}'><\/div>\r\n\t<\/div><\/div><\/div><\/div><\/div><\/div><\/section>\n","protected":false},"excerpt":{"rendered":"Reifenspray Reifenspray 500 ml Grafen Professional Reifenpfleger verleiht Ihren Reifen nicht nur einen gl\u00e4nzenden Look, sondern sch\u00fctzt sie auch vor UV-Strahlen, Rissen und Abnutzung. Entwickelt in Krakau, sorgt dieses Produkt f\u00fcr eine langanhaltende Pflege und bewahrt das nat\u00fcrliche Aussehen Ihrer Reifen. Warum Grafen Professional Reifenpfleger w\u00e4hlen? Langanhaltender Glanz: Verleiht Reifen einen gl\u00e4nzenden Look. UV-Schutz: Sch\u00fctzt...","protected":false},"author":1,"featured_media":0,"parent":0,"menu_order":0,"comment_status":"closed","ping_status":"closed","template":"","meta":{"_acf_changed":false,"footnotes":""},"class_list":["post-2131","page","type-page","status-publish","hentry"],"acf":[],"yoast_head":"<!-- This site is optimized with the Yoast SEO plugin v27.5 - https:\/\/yoast.com\/product\/yoast-seo-wordpress\/ -->\n<title>Kosmetische Chemie | Grafen Professional<\/title>\n<meta name=\"robots\" content=\"index, follow, max-snippet:-1, max-image-preview:large, max-video-preview:-1\" \/>\n<link rel=\"canonical\" href=\"https:\/\/grafenprofessional.eu\/de\/kosmetische-chemie\/\" \/>\n<meta property=\"og:locale\" content=\"de_DE\" \/>\n<meta property=\"og:type\" content=\"article\" \/>\n<meta property=\"og:title\" content=\"Kosmetische Chemie | Grafen Professional\" \/>\n<meta property=\"og:url\" content=\"https:\/\/grafenprofessional.eu\/de\/kosmetische-chemie\/\" \/>\n<meta property=\"og:site_name\" content=\"Grafen Professional\" \/>\n<meta property=\"article:publisher\" content=\"https:\/\/www.facebook.com\/GrafenProfessional\" \/>\n<meta property=\"article:modified_time\" content=\"2020-01-20T06:56:43+00:00\" \/>\n<meta property=\"og:image\" content=\"https:\/\/grafenprofessional.eu\/wp-content\/uploads\/2018\/08\/grafen-obrazek-fb.jpg\" \/>\n\t<meta property=\"og:image:width\" content=\"600\" \/>\n\t<meta property=\"og:image:height\" content=\"315\" \/>\n\t<meta property=\"og:image:type\" content=\"image\/jpeg\" \/>\n<meta name=\"twitter:card\" content=\"summary_large_image\" \/>\n<meta name=\"twitter:label1\" content=\"Gesch\u00e4tzte Lesezeit\" \/>\n\t<meta name=\"twitter:data1\" content=\"1\u00a0Minute\" \/>\n<script type=\"application\/ld+json\" class=\"yoast-schema-graph\">{\"@context\":\"https:\\\/\\\/schema.org\",\"@graph\":[{\"@type\":\"WebPage\",\"@id\":\"https:\\\/\\\/grafenprofessional.eu\\\/de\\\/kosmetische-chemie\\\/\",\"url\":\"https:\\\/\\\/grafenprofessional.eu\\\/de\\\/kosmetische-chemie\\\/\",\"name\":\"Kosmetische Chemie | Grafen Professional\",\"isPartOf\":{\"@id\":\"https:\\\/\\\/grafenprofessional.eu\\\/de\\\/#website\"},\"datePublished\":\"2018-06-17T15:39:18+00:00\",\"dateModified\":\"2020-01-20T06:56:43+00:00\",\"breadcrumb\":{\"@id\":\"https:\\\/\\\/grafenprofessional.eu\\\/de\\\/kosmetische-chemie\\\/#breadcrumb\"},\"inLanguage\":\"de\",\"potentialAction\":[{\"@type\":\"ReadAction\",\"target\":[\"https:\\\/\\\/grafenprofessional.eu\\\/de\\\/kosmetische-chemie\\\/\"]}]},{\"@type\":\"BreadcrumbList\",\"@id\":\"https:\\\/\\\/grafenprofessional.eu\\\/de\\\/kosmetische-chemie\\\/#breadcrumb\",\"itemListElement\":[{\"@type\":\"ListItem\",\"position\":1,\"name\":\"Strona g\u0142\u00f3wna\",\"item\":\"https:\\\/\\\/grafenprofessional.eu\\\/de\\\/\"},{\"@type\":\"ListItem\",\"position\":2,\"name\":\"Kosmetische Chemie\"}]},{\"@type\":\"WebSite\",\"@id\":\"https:\\\/\\\/grafenprofessional.eu\\\/de\\\/#website\",\"url\":\"https:\\\/\\\/grafenprofessional.eu\\\/de\\\/\",\"name\":\"Grafen Professional\",\"description\":\"Chemia budowlana i motoryzacyjna\",\"publisher\":{\"@id\":\"https:\\\/\\\/grafenprofessional.eu\\\/de\\\/#organization\"},\"alternateName\":\"Producent Chemii Budowlanej i Motoryzacyjnej\",\"potentialAction\":[{\"@type\":\"SearchAction\",\"target\":{\"@type\":\"EntryPoint\",\"urlTemplate\":\"https:\\\/\\\/grafenprofessional.eu\\\/de\\\/?s={search_term_string}\"},\"query-input\":{\"@type\":\"PropertyValueSpecification\",\"valueRequired\":true,\"valueName\":\"search_term_string\"}}],\"inLanguage\":\"de\"},{\"@type\":\"Organization\",\"@id\":\"https:\\\/\\\/grafenprofessional.eu\\\/de\\\/#organization\",\"name\":\"Grafen Professional\",\"alternateName\":\"Producent chemii budowlanej i samchodowej\",\"url\":\"https:\\\/\\\/grafenprofessional.eu\\\/de\\\/\",\"logo\":{\"@type\":\"ImageObject\",\"inLanguage\":\"de\",\"@id\":\"https:\\\/\\\/grafenprofessional.eu\\\/de\\\/#\\\/schema\\\/logo\\\/image\\\/\",\"url\":\"https:\\\/\\\/grafenprofessional.eu\\\/wp-content\\\/uploads\\\/2018\\\/06\\\/logo-grafen-professional-1.png\",\"contentUrl\":\"https:\\\/\\\/grafenprofessional.eu\\\/wp-content\\\/uploads\\\/2018\\\/06\\\/logo-grafen-professional-1.png\",\"width\":168,\"height\":70,\"caption\":\"Grafen Professional\"},\"image\":{\"@id\":\"https:\\\/\\\/grafenprofessional.eu\\\/de\\\/#\\\/schema\\\/logo\\\/image\\\/\"},\"sameAs\":[\"https:\\\/\\\/www.facebook.com\\\/GrafenProfessional\",\"https:\\\/\\\/www.instagram.com\\\/grafen_professional\\\/\"]}]}<\/script>\n<!-- \/ Yoast SEO plugin. -->","yoast_head_json":{"title":"Kosmetische Chemie | Grafen Professional","robots":{"index":"index","follow":"follow","max-snippet":"max-snippet:-1","max-image-preview":"max-image-preview:large","max-video-preview":"max-video-preview:-1"},"canonical":"https:\/\/grafenprofessional.eu\/de\/kosmetische-chemie\/","og_locale":"de_DE","og_type":"article","og_title":"Kosmetische Chemie | Grafen Professional","og_url":"https:\/\/grafenprofessional.eu\/de\/kosmetische-chemie\/","og_site_name":"Grafen Professional","article_publisher":"https:\/\/www.facebook.com\/GrafenProfessional","article_modified_time":"2020-01-20T06:56:43+00:00","og_image":[{"width":600,"height":315,"url":"https:\/\/grafenprofessional.eu\/wp-content\/uploads\/2018\/08\/grafen-obrazek-fb.jpg","type":"image\/jpeg"}],"twitter_card":"summary_large_image","twitter_misc":{"Gesch\u00e4tzte Lesezeit":"1\u00a0Minute"},"schema":{"@context":"https:\/\/schema.org","@graph":[{"@type":"WebPage","@id":"https:\/\/grafenprofessional.eu\/de\/kosmetische-chemie\/","url":"https:\/\/grafenprofessional.eu\/de\/kosmetische-chemie\/","name":"Kosmetische Chemie | Grafen Professional","isPartOf":{"@id":"https:\/\/grafenprofessional.eu\/de\/#website"},"datePublished":"2018-06-17T15:39:18+00:00","dateModified":"2020-01-20T06:56:43+00:00","breadcrumb":{"@id":"https:\/\/grafenprofessional.eu\/de\/kosmetische-chemie\/#breadcrumb"},"inLanguage":"de","potentialAction":[{"@type":"ReadAction","target":["https:\/\/grafenprofessional.eu\/de\/kosmetische-chemie\/"]}]},{"@type":"BreadcrumbList","@id":"https:\/\/grafenprofessional.eu\/de\/kosmetische-chemie\/#breadcrumb","itemListElement":[{"@type":"ListItem","position":1,"name":"Strona g\u0142\u00f3wna","item":"https:\/\/grafenprofessional.eu\/de\/"},{"@type":"ListItem","position":2,"name":"Kosmetische Chemie"}]},{"@type":"WebSite","@id":"https:\/\/grafenprofessional.eu\/de\/#website","url":"https:\/\/grafenprofessional.eu\/de\/","name":"Grafen Professional","description":"Chemia budowlana i motoryzacyjna","publisher":{"@id":"https:\/\/grafenprofessional.eu\/de\/#organization"},"alternateName":"Producent Chemii Budowlanej i Motoryzacyjnej","potentialAction":[{"@type":"SearchAction","target":{"@type":"EntryPoint","urlTemplate":"https:\/\/grafenprofessional.eu\/de\/?s={search_term_string}"},"query-input":{"@type":"PropertyValueSpecification","valueRequired":true,"valueName":"search_term_string"}}],"inLanguage":"de"},{"@type":"Organization","@id":"https:\/\/grafenprofessional.eu\/de\/#organization","name":"Grafen Professional","alternateName":"Producent chemii budowlanej i samchodowej","url":"https:\/\/grafenprofessional.eu\/de\/","logo":{"@type":"ImageObject","inLanguage":"de","@id":"https:\/\/grafenprofessional.eu\/de\/#\/schema\/logo\/image\/","url":"https:\/\/grafenprofessional.eu\/wp-content\/uploads\/2018\/06\/logo-grafen-professional-1.png","contentUrl":"https:\/\/grafenprofessional.eu\/wp-content\/uploads\/2018\/06\/logo-grafen-professional-1.png","width":168,"height":70,"caption":"Grafen Professional"},"image":{"@id":"https:\/\/grafenprofessional.eu\/de\/#\/schema\/logo\/image\/"},"sameAs":["https:\/\/www.facebook.com\/GrafenProfessional","https:\/\/www.instagram.com\/grafen_professional\/"]}]}},"_links":{"self":[{"href":"https:\/\/grafenprofessional.eu\/de\/wp-json\/wp\/v2\/pages\/2131","targetHints":{"allow":["GET"]}}],"collection":[{"href":"https:\/\/grafenprofessional.eu\/de\/wp-json\/wp\/v2\/pages"}],"about":[{"href":"https:\/\/grafenprofessional.eu\/de\/wp-json\/wp\/v2\/types\/page"}],"author":[{"embeddable":true,"href":"https:\/\/grafenprofessional.eu\/de\/wp-json\/wp\/v2\/users\/1"}],"replies":[{"embeddable":true,"href":"https:\/\/grafenprofessional.eu\/de\/wp-json\/wp\/v2\/comments?post=2131"}],"version-history":[{"count":3,"href":"https:\/\/grafenprofessional.eu\/de\/wp-json\/wp\/v2\/pages\/2131\/revisions"}],"predecessor-version":[{"id":4238,"href":"https:\/\/grafenprofessional.eu\/de\/wp-json\/wp\/v2\/pages\/2131\/revisions\/4238"}],"wp:attachment":[{"href":"https:\/\/grafenprofessional.eu\/de\/wp-json\/wp\/v2\/media?parent=2131"}],"curies":[{"name":"wp","href":"https:\/\/api.w.org\/{rel}","templated":true}]}}