{"id":1142,"date":"2018-06-12T14:59:02","date_gmt":"2018-06-12T12:59:02","guid":{"rendered":"http:\/\/grafenprofessional.eu\/hydraulika\/"},"modified":"2024-03-13T02:53:30","modified_gmt":"2024-03-13T01:53:30","slug":"hydraulik","status":"publish","type":"page","link":"https:\/\/grafenprofessional.eu\/de\/hydraulik\/","title":{"rendered":"Madejski Hydraulik"},"content":{"rendered":"<section class=\"l-section wpb_row us_custom_6df4bc3a naglowek-h has_text_color height_large with_img\"><div class=\"l-section-img\" role=\"img\" data-img-width=\"1920\" data-img-height=\"330\" style=\"background-image: url(https:\/\/grafenprofessional.eu\/wp-content\/uploads\/2018\/07\/naglowek-hydraulika.jpg);\"><\/div><div class=\"l-section-h i-cf\"><div class=\"g-cols vc_row via_flex valign_top type_default stacking_default\"><div class=\"vc_col-sm-12 wpb_column vc_column_container\"><div class=\"vc_column-inner\"><div class=\"wpb_wrapper\"><div class=\"wpb_text_column text-center\"><div class=\"wpb_wrapper\"><h1>Hoch- und Niederdruckhydraulik<\/h1>\n<\/div><\/div><\/div><\/div><\/div><\/div><\/div><\/section><section class=\"l-section wpb_row height_large\"><div class=\"l-section-h i-cf\"><div class=\"g-cols vc_row via_flex valign_top type_default stacking_default\"><div class=\"vc_col-sm-12 wpb_column vc_column_container\"><div class=\"vc_column-inner\"><div class=\"wpb_wrapper\"><div class=\"g-cols wpb_row via_flex valign_middle type_default stacking_default\"><div class=\"vc_col-sm-7 wpb_column vc_column_container us_animate_afl\" style=\"animation-delay:0.2s\"><div class=\"vc_column-inner\"><div class=\"wpb_wrapper\"><div class=\"wpb_text_column arrow-cz\"><div class=\"wpb_wrapper\"><h2><strong>Hydraulik<\/strong> &#8211; Madejski Industrial Technology<\/h2>\n<p>Firma MADEJSKI Sp. Z o.o j. wurde vor 22 Jahren gegr\u00fcndet und ist derzeit einer der gr\u00f6\u00dften europ\u00e4ischen H\u00e4ndler von Hochdruck- und Niederdruck-Hydraulikschl\u00e4uchen.<\/p>\n<p>Das Unternehmen besch\u00e4ftigt sich auch mit der Produktion und dem Verkauf von:<\/p>\n<ul>\n<li>alle Arten von Armaturen und Nippel zur Herstellung von Hoch- und Niederdruckleitungen aus Kohlenstahl und Edelstahl<\/li>\n<li>Maschinen zur Herstellung von Hoch- und Niederdruckleitungen<\/li>\n<li>Verschraubungen und Rohre aus Stahl und Edelstahl<\/li>\n<li>Elemente und Zubeh\u00f6r f\u00fcr Hoch- und Niederdruckhydraulik Industrieschl\u00e4uche<\/li>\n<li>Saug- und R\u00fccklaufleitungen<\/li>\n<li>\u00d6le und Hydraulikfl\u00fcssigkeiten<\/li>\n<li>Ersatzteile f\u00fcr Lastkraftw\u00e4gen, Busse und Anh\u00e4nger<\/li>\n<\/ul>\n<\/div><\/div><\/div><\/div><\/div><div class=\"vc_col-sm-5 wpb_column vc_column_container hydr-r us_animate_afr\" style=\"animation-delay:0.2s\"><div class=\"vc_column-inner\"><div class=\"wpb_wrapper\"><div class=\"w-image align_center\"><div class=\"w-image-h\"><img decoding=\"async\" width=\"350\" height=\"91\" src=\"https:\/\/grafenprofessional.eu\/wp-content\/uploads\/2018\/06\/logo-madejski.png\" class=\"attachment-full size-full\" alt=\"Logo Madejski\" loading=\"lazy\" srcset=\"https:\/\/grafenprofessional.eu\/wp-content\/uploads\/2018\/06\/logo-madejski.png 350w, https:\/\/grafenprofessional.eu\/wp-content\/uploads\/2018\/06\/logo-madejski-300x78.png 300w\" sizes=\"auto, (max-width: 350px) 100vw, 350px\" \/><\/div><\/div><div class=\"w-separator size_huge\"><\/div><div class=\"wpb_text_column info-m\"><div class=\"wpb_wrapper\"><p>Grafen Professional ist ein Teil<br \/>\nvon <strong>Madejski Industrial Technologie<\/strong><\/p>\n<\/div><\/div><div class=\"w-separator size_huge\"><\/div><div class=\"w-btn-wrapper align_center\"><a class=\"w-btn us-btn-style_3 us_custom_80a192e9\" target=\" _blank\" rel=\"nofollow\" href=\"http:\/\/www.madejski.com.pl\/\"><span class=\"w-btn-label\">Gehe zu www.madejski.com.pl<\/span><\/a><\/div><\/div><\/div><\/div><\/div><div class=\"w-separator size_huge\"><\/div><div class=\"w-video align_none ratio_16x9 has_iframe\"><div class=\"w-video-h\"><iframe title=\"Youtube video player\" src=\"\/\/www.youtube.com\/embed\/yPGrJrjWa_g?autoplay=1&controls=1&origin=https:\/\/grafenprofessional.eu\/de\/&loop=0&mute=0\" allowfullscreen=\"1\" loading=\"lazy\"><\/iframe><\/div><div class=\"w-video-icon\" style=\"font-size:1.5rem;background:rgba(0,0,0,0.5);color:#fff\"><\/div><\/div><\/div><\/div><\/div><\/div><\/div><\/section>\n","protected":false},"excerpt":{"rendered":"Hoch- und Niederdruckhydraulik Hydraulik &#8211; Madejski Industrial Technology Firma MADEJSKI Sp. Z o.o j. wurde vor 22 Jahren gegr\u00fcndet und ist derzeit einer der gr\u00f6\u00dften europ\u00e4ischen H\u00e4ndler von Hochdruck- und Niederdruck-Hydraulikschl\u00e4uchen. Das Unternehmen besch\u00e4ftigt sich auch mit der Produktion und dem Verkauf von: alle Arten von Armaturen und Nippel zur Herstellung von Hoch- und Niederdruckleitungen...","protected":false},"author":1,"featured_media":6563,"parent":0,"menu_order":0,"comment_status":"closed","ping_status":"closed","template":"","meta":{"_acf_changed":false,"footnotes":""},"class_list":["post-1142","page","type-page","status-publish","has-post-thumbnail","hentry"],"acf":[],"yoast_head":"<!-- This site is optimized with the Yoast SEO plugin v27.4 - https:\/\/yoast.com\/product\/yoast-seo-wordpress\/ -->\n<title>Hoch- und Niederdruckhydraulik | Grafen Professional<\/title>\n<meta name=\"description\" content=\"Firma MADEJSKI Sp. Z o.o j. wurde vor 22 Jahren gegr\u00fcndet und ist derzeit einer der gr\u00f6\u00dften europ\u00e4ischen H\u00e4ndler von Hochdruck- und Niederdruck-Hydraulikschl\u00e4uchen.\" \/>\n<meta name=\"robots\" content=\"index, follow, max-snippet:-1, max-image-preview:large, max-video-preview:-1\" \/>\n<link rel=\"canonical\" href=\"https:\/\/grafenprofessional.eu\/de\/hydraulik\/\" \/>\n<meta property=\"og:locale\" content=\"de_DE\" \/>\n<meta property=\"og:type\" content=\"article\" \/>\n<meta property=\"og:title\" content=\"Hoch- und Niederdruckhydraulik | Grafen Professional\" \/>\n<meta property=\"og:description\" content=\"Firma MADEJSKI Sp. Z o.o j. wurde vor 22 Jahren gegr\u00fcndet und ist derzeit einer der gr\u00f6\u00dften europ\u00e4ischen H\u00e4ndler von Hochdruck- und Niederdruck-Hydraulikschl\u00e4uchen.\" \/>\n<meta property=\"og:url\" content=\"https:\/\/grafenprofessional.eu\/de\/hydraulik\/\" \/>\n<meta property=\"og:site_name\" content=\"Grafen Professional\" \/>\n<meta property=\"article:publisher\" content=\"https:\/\/www.facebook.com\/GrafenProfessional\" \/>\n<meta property=\"article:modified_time\" content=\"2024-03-13T01:53:30+00:00\" \/>\n<meta property=\"og:image\" content=\"https:\/\/grafenprofessional.eu\/wp-content\/uploads\/2024\/03\/hydraulics.jpeg\" \/>\n\t<meta property=\"og:image:width\" content=\"700\" \/>\n\t<meta property=\"og:image:height\" content=\"1000\" \/>\n\t<meta property=\"og:image:type\" content=\"image\/jpeg\" \/>\n<meta name=\"twitter:card\" content=\"summary_large_image\" \/>\n<meta name=\"twitter:label1\" content=\"Gesch\u00e4tzte Lesezeit\" \/>\n\t<meta name=\"twitter:data1\" content=\"2\u00a0Minuten\" \/>\n<script type=\"application\/ld+json\" class=\"yoast-schema-graph\">{\"@context\":\"https:\\\/\\\/schema.org\",\"@graph\":[{\"@type\":\"WebPage\",\"@id\":\"https:\\\/\\\/grafenprofessional.eu\\\/de\\\/hydraulik\\\/\",\"url\":\"https:\\\/\\\/grafenprofessional.eu\\\/de\\\/hydraulik\\\/\",\"name\":\"Hoch- und Niederdruckhydraulik | Grafen Professional\",\"isPartOf\":{\"@id\":\"https:\\\/\\\/grafenprofessional.eu\\\/de\\\/#website\"},\"primaryImageOfPage\":{\"@id\":\"https:\\\/\\\/grafenprofessional.eu\\\/de\\\/hydraulik\\\/#primaryimage\"},\"image\":{\"@id\":\"https:\\\/\\\/grafenprofessional.eu\\\/de\\\/hydraulik\\\/#primaryimage\"},\"thumbnailUrl\":\"https:\\\/\\\/grafenprofessional.eu\\\/wp-content\\\/uploads\\\/2024\\\/03\\\/hydraulics.jpeg\",\"datePublished\":\"2018-06-12T12:59:02+00:00\",\"dateModified\":\"2024-03-13T01:53:30+00:00\",\"description\":\"Firma MADEJSKI Sp. Z o.o j. wurde vor 22 Jahren gegr\u00fcndet und ist derzeit einer der gr\u00f6\u00dften europ\u00e4ischen H\u00e4ndler von Hochdruck- und Niederdruck-Hydraulikschl\u00e4uchen.\",\"breadcrumb\":{\"@id\":\"https:\\\/\\\/grafenprofessional.eu\\\/de\\\/hydraulik\\\/#breadcrumb\"},\"inLanguage\":\"de\",\"potentialAction\":[{\"@type\":\"ReadAction\",\"target\":[\"https:\\\/\\\/grafenprofessional.eu\\\/de\\\/hydraulik\\\/\"]}]},{\"@type\":\"ImageObject\",\"inLanguage\":\"de\",\"@id\":\"https:\\\/\\\/grafenprofessional.eu\\\/de\\\/hydraulik\\\/#primaryimage\",\"url\":\"https:\\\/\\\/grafenprofessional.eu\\\/wp-content\\\/uploads\\\/2024\\\/03\\\/hydraulics.jpeg\",\"contentUrl\":\"https:\\\/\\\/grafenprofessional.eu\\\/wp-content\\\/uploads\\\/2024\\\/03\\\/hydraulics.jpeg\",\"width\":700,\"height\":1000,\"caption\":\"Hydraulika budowlana\"},{\"@type\":\"BreadcrumbList\",\"@id\":\"https:\\\/\\\/grafenprofessional.eu\\\/de\\\/hydraulik\\\/#breadcrumb\",\"itemListElement\":[{\"@type\":\"ListItem\",\"position\":1,\"name\":\"Strona g\u0142\u00f3wna\",\"item\":\"https:\\\/\\\/grafenprofessional.eu\\\/de\\\/\"},{\"@type\":\"ListItem\",\"position\":2,\"name\":\"Madejski Hydraulik\"}]},{\"@type\":\"WebSite\",\"@id\":\"https:\\\/\\\/grafenprofessional.eu\\\/de\\\/#website\",\"url\":\"https:\\\/\\\/grafenprofessional.eu\\\/de\\\/\",\"name\":\"Grafen Professional\",\"description\":\"Chemia budowlana i motoryzacyjna\",\"publisher\":{\"@id\":\"https:\\\/\\\/grafenprofessional.eu\\\/de\\\/#organization\"},\"alternateName\":\"Producent Chemii Budowlanej i Motoryzacyjnej\",\"potentialAction\":[{\"@type\":\"SearchAction\",\"target\":{\"@type\":\"EntryPoint\",\"urlTemplate\":\"https:\\\/\\\/grafenprofessional.eu\\\/de\\\/?s={search_term_string}\"},\"query-input\":{\"@type\":\"PropertyValueSpecification\",\"valueRequired\":true,\"valueName\":\"search_term_string\"}}],\"inLanguage\":\"de\"},{\"@type\":\"Organization\",\"@id\":\"https:\\\/\\\/grafenprofessional.eu\\\/de\\\/#organization\",\"name\":\"Grafen Professional\",\"alternateName\":\"Producent chemii budowlanej i samchodowej\",\"url\":\"https:\\\/\\\/grafenprofessional.eu\\\/de\\\/\",\"logo\":{\"@type\":\"ImageObject\",\"inLanguage\":\"de\",\"@id\":\"https:\\\/\\\/grafenprofessional.eu\\\/de\\\/#\\\/schema\\\/logo\\\/image\\\/\",\"url\":\"https:\\\/\\\/grafenprofessional.eu\\\/wp-content\\\/uploads\\\/2018\\\/06\\\/logo-grafen-professional-1.png\",\"contentUrl\":\"https:\\\/\\\/grafenprofessional.eu\\\/wp-content\\\/uploads\\\/2018\\\/06\\\/logo-grafen-professional-1.png\",\"width\":168,\"height\":70,\"caption\":\"Grafen Professional\"},\"image\":{\"@id\":\"https:\\\/\\\/grafenprofessional.eu\\\/de\\\/#\\\/schema\\\/logo\\\/image\\\/\"},\"sameAs\":[\"https:\\\/\\\/www.facebook.com\\\/GrafenProfessional\",\"https:\\\/\\\/www.instagram.com\\\/grafen_professional\\\/\"]}]}<\/script>\n<!-- \/ Yoast SEO plugin. -->","yoast_head_json":{"title":"Hoch- und Niederdruckhydraulik | Grafen Professional","description":"Firma MADEJSKI Sp. Z o.o j. wurde vor 22 Jahren gegr\u00fcndet und ist derzeit einer der gr\u00f6\u00dften europ\u00e4ischen H\u00e4ndler von Hochdruck- und Niederdruck-Hydraulikschl\u00e4uchen.","robots":{"index":"index","follow":"follow","max-snippet":"max-snippet:-1","max-image-preview":"max-image-preview:large","max-video-preview":"max-video-preview:-1"},"canonical":"https:\/\/grafenprofessional.eu\/de\/hydraulik\/","og_locale":"de_DE","og_type":"article","og_title":"Hoch- und Niederdruckhydraulik | Grafen Professional","og_description":"Firma MADEJSKI Sp. Z o.o j. wurde vor 22 Jahren gegr\u00fcndet und ist derzeit einer der gr\u00f6\u00dften europ\u00e4ischen H\u00e4ndler von Hochdruck- und Niederdruck-Hydraulikschl\u00e4uchen.","og_url":"https:\/\/grafenprofessional.eu\/de\/hydraulik\/","og_site_name":"Grafen Professional","article_publisher":"https:\/\/www.facebook.com\/GrafenProfessional","article_modified_time":"2024-03-13T01:53:30+00:00","og_image":[{"width":700,"height":1000,"url":"https:\/\/grafenprofessional.eu\/wp-content\/uploads\/2024\/03\/hydraulics.jpeg","type":"image\/jpeg"}],"twitter_card":"summary_large_image","twitter_misc":{"Gesch\u00e4tzte Lesezeit":"2\u00a0Minuten"},"schema":{"@context":"https:\/\/schema.org","@graph":[{"@type":"WebPage","@id":"https:\/\/grafenprofessional.eu\/de\/hydraulik\/","url":"https:\/\/grafenprofessional.eu\/de\/hydraulik\/","name":"Hoch- und Niederdruckhydraulik | Grafen Professional","isPartOf":{"@id":"https:\/\/grafenprofessional.eu\/de\/#website"},"primaryImageOfPage":{"@id":"https:\/\/grafenprofessional.eu\/de\/hydraulik\/#primaryimage"},"image":{"@id":"https:\/\/grafenprofessional.eu\/de\/hydraulik\/#primaryimage"},"thumbnailUrl":"https:\/\/grafenprofessional.eu\/wp-content\/uploads\/2024\/03\/hydraulics.jpeg","datePublished":"2018-06-12T12:59:02+00:00","dateModified":"2024-03-13T01:53:30+00:00","description":"Firma MADEJSKI Sp. Z o.o j. wurde vor 22 Jahren gegr\u00fcndet und ist derzeit einer der gr\u00f6\u00dften europ\u00e4ischen H\u00e4ndler von Hochdruck- und Niederdruck-Hydraulikschl\u00e4uchen.","breadcrumb":{"@id":"https:\/\/grafenprofessional.eu\/de\/hydraulik\/#breadcrumb"},"inLanguage":"de","potentialAction":[{"@type":"ReadAction","target":["https:\/\/grafenprofessional.eu\/de\/hydraulik\/"]}]},{"@type":"ImageObject","inLanguage":"de","@id":"https:\/\/grafenprofessional.eu\/de\/hydraulik\/#primaryimage","url":"https:\/\/grafenprofessional.eu\/wp-content\/uploads\/2024\/03\/hydraulics.jpeg","contentUrl":"https:\/\/grafenprofessional.eu\/wp-content\/uploads\/2024\/03\/hydraulics.jpeg","width":700,"height":1000,"caption":"Hydraulika budowlana"},{"@type":"BreadcrumbList","@id":"https:\/\/grafenprofessional.eu\/de\/hydraulik\/#breadcrumb","itemListElement":[{"@type":"ListItem","position":1,"name":"Strona g\u0142\u00f3wna","item":"https:\/\/grafenprofessional.eu\/de\/"},{"@type":"ListItem","position":2,"name":"Madejski Hydraulik"}]},{"@type":"WebSite","@id":"https:\/\/grafenprofessional.eu\/de\/#website","url":"https:\/\/grafenprofessional.eu\/de\/","name":"Grafen Professional","description":"Chemia budowlana i motoryzacyjna","publisher":{"@id":"https:\/\/grafenprofessional.eu\/de\/#organization"},"alternateName":"Producent Chemii Budowlanej i Motoryzacyjnej","potentialAction":[{"@type":"SearchAction","target":{"@type":"EntryPoint","urlTemplate":"https:\/\/grafenprofessional.eu\/de\/?s={search_term_string}"},"query-input":{"@type":"PropertyValueSpecification","valueRequired":true,"valueName":"search_term_string"}}],"inLanguage":"de"},{"@type":"Organization","@id":"https:\/\/grafenprofessional.eu\/de\/#organization","name":"Grafen Professional","alternateName":"Producent chemii budowlanej i samchodowej","url":"https:\/\/grafenprofessional.eu\/de\/","logo":{"@type":"ImageObject","inLanguage":"de","@id":"https:\/\/grafenprofessional.eu\/de\/#\/schema\/logo\/image\/","url":"https:\/\/grafenprofessional.eu\/wp-content\/uploads\/2018\/06\/logo-grafen-professional-1.png","contentUrl":"https:\/\/grafenprofessional.eu\/wp-content\/uploads\/2018\/06\/logo-grafen-professional-1.png","width":168,"height":70,"caption":"Grafen Professional"},"image":{"@id":"https:\/\/grafenprofessional.eu\/de\/#\/schema\/logo\/image\/"},"sameAs":["https:\/\/www.facebook.com\/GrafenProfessional","https:\/\/www.instagram.com\/grafen_professional\/"]}]}},"_links":{"self":[{"href":"https:\/\/grafenprofessional.eu\/de\/wp-json\/wp\/v2\/pages\/1142","targetHints":{"allow":["GET"]}}],"collection":[{"href":"https:\/\/grafenprofessional.eu\/de\/wp-json\/wp\/v2\/pages"}],"about":[{"href":"https:\/\/grafenprofessional.eu\/de\/wp-json\/wp\/v2\/types\/page"}],"author":[{"embeddable":true,"href":"https:\/\/grafenprofessional.eu\/de\/wp-json\/wp\/v2\/users\/1"}],"replies":[{"embeddable":true,"href":"https:\/\/grafenprofessional.eu\/de\/wp-json\/wp\/v2\/comments?post=1142"}],"version-history":[{"count":7,"href":"https:\/\/grafenprofessional.eu\/de\/wp-json\/wp\/v2\/pages\/1142\/revisions"}],"predecessor-version":[{"id":6587,"href":"https:\/\/grafenprofessional.eu\/de\/wp-json\/wp\/v2\/pages\/1142\/revisions\/6587"}],"wp:featuredmedia":[{"embeddable":true,"href":"https:\/\/grafenprofessional.eu\/de\/wp-json\/wp\/v2\/media\/6563"}],"wp:attachment":[{"href":"https:\/\/grafenprofessional.eu\/de\/wp-json\/wp\/v2\/media?parent=1142"}],"curies":[{"name":"wp","href":"https:\/\/api.w.org\/{rel}","templated":true}]}}